{"id":21,"date":"2020-01-02T13:49:54","date_gmt":"2020-01-02T10:49:54","guid":{"rendered":"http:\/\/demo.safirtema.com\/maya\/?page_id=21"},"modified":"2021-05-22T20:33:49","modified_gmt":"2021-05-22T17:33:49","slug":"sikca-sorulan-sorular","status":"publish","type":"page","link":"https:\/\/bodrumkurbanadak.com\/?page_id=21","title":{"rendered":"S\u0131k\u00e7a Sorulan Sorular"},"content":{"rendered":"\n<p>Bu sayfada&nbsp;<strong>Safir Soru Cevap<\/strong>&nbsp;butonu kullan\u0131larak olu\u015fturulmu\u015f \u00f6rnek bir soru cevap sayfas\u0131 g\u00f6rmektesiniz.<\/p>\n\n\n\n<div class=\"wp-block-safirtema-sorucevap safir-faq\"><div class=\"question\"><div class=\"icon\"><\/div><span class=\"text\">Soru 1<\/span><div class=\"openclose\"><\/div><\/div><p class=\"answer\">Cevap 1<\/p><\/div>\n\n\n\n<div class=\"wp-block-safirtema-sorucevap safir-faq\"><div class=\"question\"><div class=\"icon\"><\/div><span class=\"text\">Soru 2<\/span><div class=\"openclose\"><\/div><\/div><p class=\"answer\">Cevap 2<\/p><\/div>\n\n\n\n<div class=\"wp-block-safirtema-sorucevap safir-faq\"><div class=\"question\"><div class=\"icon\"><\/div><span class=\"text\">Soru 3<\/span><div class=\"openclose\"><\/div><\/div><p class=\"answer\">Cevap 3<\/p><\/div>\n\n\n\n<div class=\"wp-block-safirtema-sorucevap safir-faq\"><div class=\"question\"><div class=\"icon\"><\/div><span class=\"text\">Soru 4<\/span><div class=\"openclose\"><\/div><\/div><p class=\"answer\">Cevap 4<\/p><\/div>\n\n\n\n<div class=\"wp-block-safirtema-sorucevap safir-faq\"><div class=\"question\"><div class=\"icon\"><\/div><span class=\"text\">Soru 5<\/span><div class=\"openclose\"><\/div><\/div><p class=\"answer\">Cevap 5<\/p><\/div>\n\n\n\n<div class=\"wp-block-safirtema-sorucevap safir-faq\"><div class=\"question\"><div class=\"icon\"><\/div><span class=\"text\">Soru 6<\/span><div class=\"openclose\"><\/div><\/div><p class=\"answer\">Cevap 6<\/p><\/div>\n","protected":false},"excerpt":{"rendered":"<p>Bu sayfada&nbsp;Safir Soru Cevap&nbsp;butonu kullan\u0131larak olu\u015fturulmu\u015f \u00f6rnek bir soru cevap sayfas\u0131 g\u00f6rmektesiniz.<\/p>\n","protected":false},"author":1,"featured_media":0,"parent":0,"menu_order":0,"comment_status":"closed","ping_status":"closed","template":"","meta":[],"aioseo_notices":[],"_links":{"self":[{"href":"https:\/\/bodrumkurbanadak.com\/index.php?rest_route=\/wp\/v2\/pages\/21"}],"collection":[{"href":"https:\/\/bodrumkurbanadak.com\/index.php?rest_route=\/wp\/v2\/pages"}],"about":[{"href":"https:\/\/bodrumkurbanadak.com\/index.php?rest_route=\/wp\/v2\/types\/page"}],"author":[{"embeddable":true,"href":"https:\/\/bodrumkurbanadak.com\/index.php?rest_route=\/wp\/v2\/users\/1"}],"replies":[{"embeddable":true,"href":"https:\/\/bodrumkurbanadak.com\/index.php?rest_route=%2Fwp%2Fv2%2Fcomments&post=21"}],"version-history":[{"count":3,"href":"https:\/\/bodrumkurbanadak.com\/index.php?rest_route=\/wp\/v2\/pages\/21\/revisions"}],"predecessor-version":[{"id":368,"href":"https:\/\/bodrumkurbanadak.com\/index.php?rest_route=\/wp\/v2\/pages\/21\/revisions\/368"}],"wp:attachment":[{"href":"https:\/\/bodrumkurbanadak.com\/index.php?rest_route=%2Fwp%2Fv2%2Fmedia&parent=21"}],"curies":[{"name":"wp","href":"https:\/\/api.w.org\/{rel}","templated":true}]}}