{"id":19,"date":"2020-01-02T13:49:13","date_gmt":"2020-01-02T10:49:13","guid":{"rendered":"http:\/\/demo.safirtema.com\/maya\/?page_id=19"},"modified":"2021-05-22T23:15:26","modified_gmt":"2021-05-22T20:15:26","slug":"hakkimizda","status":"publish","type":"page","link":"https:\/\/bodrumkurbanadak.com\/?page_id=19","title":{"rendered":"Hakk\u0131m\u0131zda"},"content":{"rendered":"\n<figure class=\"wp-block-image size-large\"><img src=\"https:\/\/bodrumkurbanadak.com\/wp-content\/uploads\/2020\/01\/about.jpg\" alt=\"\" class=\"wp-image-88\"\/><\/figure>\n\n\n\n<div class=\"wp-block-safirtema-mainheading mainHeading\"><div class=\"icon icon57\"><\/div><div class=\"text\">Bodrum Kurban Adak Sat\u0131\u015f\u0131<\/div><\/div>\n\n\n\n<p>Bodrum Yar\u0131madas\u0131nda uzun y\u0131llard\u0131r kurban ve adak sat\u0131\u015f\u0131 yapan \u00e7iftli\u011fimiz y\u0131l\u0131n 12 ay\u0131 hizmetinizde. Geri\u015f ve Yal\u0131kavak b\u00f6lgesinin do\u011fal alanlar\u0131 olan meralar\u0131nda yeti\u015fen ko\u00e7 ve koyunlar\u0131m\u0131z d\u00fczenli olarak veteriner hekimlerimizin taraf\u0131ndan kontrol edilmektedir. \u0130htiya\u00e7 halinde islami kesim \u015fartlar\u0131 konusunda uzman kasaplar ile kesim, ayr\u0131m ve paketleme i\u015flemleri yap\u0131lmaktad\u0131r. Her b\u00fct\u00e7eye g\u00f6re kurbanl\u0131k ve adakl\u0131klar\u0131m\u0131z mevcuttur.<\/p>\n\n\n\n<div class=\"wp-block-safirtema-mainheading mainHeading\"><div class=\"icon \"><\/div><div class=\"text\"><\/div><\/div>\n\n\n\n<div class=\"wp-block-safirtema-mainheading mainHeading\"><div class=\"icon \"><\/div><div class=\"text\"><\/div><\/div>\n\n\n\n<div class=\"wp-block-safirtema-sorucevap safir-faq\"><div class=\"question\"><div class=\"icon\"><\/div><span class=\"text\"><\/span><div class=\"openclose\"><\/div><\/div><p class=\"answer\"><\/p><\/div>\n","protected":false},"excerpt":{"rendered":"<p>Bodrum Yar\u0131madas\u0131nda uzun y\u0131llard\u0131r kurban ve adak sat\u0131\u015f\u0131 yapan \u00e7iftli\u011fimiz y\u0131l\u0131n 12 ay\u0131 hizmetinizde. Geri\u015f ve Yal\u0131kavak b\u00f6lgesinin do\u011fal alanlar\u0131 olan meralar\u0131nda yeti\u015fen ko\u00e7 ve koyunlar\u0131m\u0131z d\u00fczenli olarak veteriner hekimlerimizin taraf\u0131ndan kontrol edilmektedir. \u0130htiya\u00e7 halinde islami kesim \u015fartlar\u0131 konusunda uzman kasaplar ile kesim, ayr\u0131m ve paketleme i\u015flemleri yap\u0131lmaktad\u0131r. Her b\u00fct\u00e7eye g\u00f6re kurbanl\u0131k ve adakl\u0131klar\u0131m\u0131z mevcuttur.<\/p>\n","protected":false},"author":1,"featured_media":0,"parent":0,"menu_order":0,"comment_status":"closed","ping_status":"closed","template":"","meta":[],"aioseo_notices":[],"_links":{"self":[{"href":"https:\/\/bodrumkurbanadak.com\/index.php?rest_route=\/wp\/v2\/pages\/19"}],"collection":[{"href":"https:\/\/bodrumkurbanadak.com\/index.php?rest_route=\/wp\/v2\/pages"}],"about":[{"href":"https:\/\/bodrumkurbanadak.com\/index.php?rest_route=\/wp\/v2\/types\/page"}],"author":[{"embeddable":true,"href":"https:\/\/bodrumkurbanadak.com\/index.php?rest_route=\/wp\/v2\/users\/1"}],"replies":[{"embeddable":true,"href":"https:\/\/bodrumkurbanadak.com\/index.php?rest_route=%2Fwp%2Fv2%2Fcomments&post=19"}],"version-history":[{"count":9,"href":"https:\/\/bodrumkurbanadak.com\/index.php?rest_route=\/wp\/v2\/pages\/19\/revisions"}],"predecessor-version":[{"id":373,"href":"https:\/\/bodrumkurbanadak.com\/index.php?rest_route=\/wp\/v2\/pages\/19\/revisions\/373"}],"wp:attachment":[{"href":"https:\/\/bodrumkurbanadak.com\/index.php?rest_route=%2Fwp%2Fv2%2Fmedia&parent=19"}],"curies":[{"name":"wp","href":"https:\/\/api.w.org\/{rel}","templated":true}]}}